{"id":132,"date":"2019-01-04T22:42:56","date_gmt":"2019-01-04T20:42:56","guid":{"rendered":"https:\/\/ecolimit.ee\/?page_id=132"},"modified":"2020-01-20T20:01:06","modified_gmt":"2020-01-20T18:01:06","slug":"taksoteenus","status":"publish","type":"page","link":"https:\/\/ecolimit.ee\/?page_id=132","title":{"rendered":"Invatransport"},"content":{"rendered":"<p>Ratastoolide (ka elektriliste) transpordiks kasutame Mercedes &#8211; Benz Sprinter bussi, mis on \u00fcmber ehitatud Carsport tehases ja vastab k\u00f5igile vajalikele n\u00f5uetele. Bussis on 8 tavareisijakohta v\u00f5i istmeid ringi paigutades koht kuni 2-le ratastoolile ja 6-le tavareisijale.Mahub \u00e4ra ka suurem elektriline ratastool. Lift t\u00f5stab kuni 300kg.<\/p>\n<p><\/p>\n\n\n<figure class=\"wp-block-image\"><img loading=\"lazy\" decoding=\"async\" width=\"768\" height=\"1024\" src=\"https:\/\/ecolimit.ee\/wp-content\/uploads\/2020\/01\/IMG_20191218_153705-768x1024.jpg\" alt=\"\" class=\"wp-image-252\" srcset=\"https:\/\/ecolimit.ee\/wp-content\/uploads\/2020\/01\/IMG_20191218_153705-768x1024.jpg 768w, https:\/\/ecolimit.ee\/wp-content\/uploads\/2020\/01\/IMG_20191218_153705-225x300.jpg 225w\" sizes=\"auto, (max-width: 768px) 100vw, 768px\" \/><\/figure>\n\n\n\n<figure class=\"wp-block-image size-large\"><img loading=\"lazy\" decoding=\"async\" width=\"1024\" height=\"768\" src=\"https:\/\/ecolimit.ee\/wp-content\/uploads\/2020\/01\/IMG_20200107_145223-1024x768.jpg\" alt=\"\" class=\"wp-image-250\" srcset=\"https:\/\/ecolimit.ee\/wp-content\/uploads\/2020\/01\/IMG_20200107_145223-1024x768.jpg 1024w, https:\/\/ecolimit.ee\/wp-content\/uploads\/2020\/01\/IMG_20200107_145223-300x225.jpg 300w, https:\/\/ecolimit.ee\/wp-content\/uploads\/2020\/01\/IMG_20200107_145223-768x576.jpg 768w, https:\/\/ecolimit.ee\/wp-content\/uploads\/2020\/01\/IMG_20200107_145223-400x300.jpg 400w\" sizes=\"auto, (max-width: 1024px) 100vw, 1024px\" \/><\/figure>\n\n\n\n<figure class=\"wp-block-image size-large\"><img loading=\"lazy\" decoding=\"async\" width=\"1024\" height=\"768\" src=\"https:\/\/ecolimit.ee\/wp-content\/uploads\/2020\/01\/IMG_20191218_160908-1-1024x768.jpg\" alt=\"\" class=\"wp-image-325\" srcset=\"https:\/\/ecolimit.ee\/wp-content\/uploads\/2020\/01\/IMG_20191218_160908-1-1024x768.jpg 1024w, https:\/\/ecolimit.ee\/wp-content\/uploads\/2020\/01\/IMG_20191218_160908-1-300x225.jpg 300w, https:\/\/ecolimit.ee\/wp-content\/uploads\/2020\/01\/IMG_20191218_160908-1-768x576.jpg 768w, https:\/\/ecolimit.ee\/wp-content\/uploads\/2020\/01\/IMG_20191218_160908-1-1536x1152.jpg 1536w, https:\/\/ecolimit.ee\/wp-content\/uploads\/2020\/01\/IMG_20191218_160908-1-2048x1536.jpg 2048w, https:\/\/ecolimit.ee\/wp-content\/uploads\/2020\/01\/IMG_20191218_160908-1-400x300.jpg 400w\" sizes=\"auto, (max-width: 1024px) 100vw, 1024px\" \/><\/figure>\n","protected":false},"excerpt":{"rendered":"<p>Ratastoolide (ka elektriliste) transpordiks kasutame Mercedes &#8211; Benz Sprinter bussi, mis on \u00fcmber ehitatud Carsport tehases ja vastab k\u00f5igile vajalikele n\u00f5uetele. Bussis on 8 tavareisijakohta v\u00f5i istmeid ringi paigutades koht kuni 2-le ratastoolile ja 6-le tavareisijale.Mahub \u00e4ra ka suurem elektriline &hellip; <a href=\"https:\/\/ecolimit.ee\/?page_id=132\">Continue reading <span class=\"meta-nav\">&rarr;<\/span><\/a><\/p>\n","protected":false},"author":1,"featured_media":250,"parent":0,"menu_order":0,"comment_status":"closed","ping_status":"open","template":"","meta":{"footnotes":""},"class_list":["post-132","page","type-page","status-publish","has-post-thumbnail","hentry"],"_links":{"self":[{"href":"https:\/\/ecolimit.ee\/index.php?rest_route=\/wp\/v2\/pages\/132","targetHints":{"allow":["GET"]}}],"collection":[{"href":"https:\/\/ecolimit.ee\/index.php?rest_route=\/wp\/v2\/pages"}],"about":[{"href":"https:\/\/ecolimit.ee\/index.php?rest_route=\/wp\/v2\/types\/page"}],"author":[{"embeddable":true,"href":"https:\/\/ecolimit.ee\/index.php?rest_route=\/wp\/v2\/users\/1"}],"replies":[{"embeddable":true,"href":"https:\/\/ecolimit.ee\/index.php?rest_route=%2Fwp%2Fv2%2Fcomments&post=132"}],"version-history":[{"count":14,"href":"https:\/\/ecolimit.ee\/index.php?rest_route=\/wp\/v2\/pages\/132\/revisions"}],"predecessor-version":[{"id":326,"href":"https:\/\/ecolimit.ee\/index.php?rest_route=\/wp\/v2\/pages\/132\/revisions\/326"}],"wp:featuredmedia":[{"embeddable":true,"href":"https:\/\/ecolimit.ee\/index.php?rest_route=\/wp\/v2\/media\/250"}],"wp:attachment":[{"href":"https:\/\/ecolimit.ee\/index.php?rest_route=%2Fwp%2Fv2%2Fmedia&parent=132"}],"curies":[{"name":"wp","href":"https:\/\/api.w.org\/{rel}","templated":true}]}}