{"id":272,"date":"2020-01-07T22:25:36","date_gmt":"2020-01-07T20:25:36","guid":{"rendered":"https:\/\/ecolimit.ee\/?page_id=272"},"modified":"2026-03-27T16:18:30","modified_gmt":"2026-03-27T14:18:30","slug":"kontakt","status":"publish","type":"page","link":"https:\/\/ecolimit.ee\/?page_id=272","title":{"rendered":"Kontakt"},"content":{"rendered":"\n<p>Ecolimit O\u00dc<\/p>\n\n\n\n<p>Reg nr. 11693058<\/p>\n\n\n\n<p>KMKR nr: EE101308517<\/p>\n\n\n\n<p>Aadress: N\u00f5lvaku p\u00f5ik 3, Laagri, Saue vald<\/p>\n\n\n\n<p>Mail: marko@ecolimit.ee<\/p>\n\n\n\n<p>Telefon: +372 56 607 775<\/p>\n\n\n\n<p><\/p>\n\n\n\n<p><\/p>\n","protected":false},"excerpt":{"rendered":"<p>Ecolimit O\u00dc Reg nr. 11693058 KMKR nr: EE101308517 Aadress: N\u00f5lvaku p\u00f5ik 3, Laagri, Saue vald Mail: marko@ecolimit.ee Telefon: +372 56 607 775<\/p>\n","protected":false},"author":1,"featured_media":275,"parent":0,"menu_order":0,"comment_status":"closed","ping_status":"closed","template":"","meta":{"footnotes":""},"class_list":["post-272","page","type-page","status-publish","has-post-thumbnail","hentry"],"_links":{"self":[{"href":"https:\/\/ecolimit.ee\/index.php?rest_route=\/wp\/v2\/pages\/272","targetHints":{"allow":["GET"]}}],"collection":[{"href":"https:\/\/ecolimit.ee\/index.php?rest_route=\/wp\/v2\/pages"}],"about":[{"href":"https:\/\/ecolimit.ee\/index.php?rest_route=\/wp\/v2\/types\/page"}],"author":[{"embeddable":true,"href":"https:\/\/ecolimit.ee\/index.php?rest_route=\/wp\/v2\/users\/1"}],"replies":[{"embeddable":true,"href":"https:\/\/ecolimit.ee\/index.php?rest_route=%2Fwp%2Fv2%2Fcomments&post=272"}],"version-history":[{"count":3,"href":"https:\/\/ecolimit.ee\/index.php?rest_route=\/wp\/v2\/pages\/272\/revisions"}],"predecessor-version":[{"id":358,"href":"https:\/\/ecolimit.ee\/index.php?rest_route=\/wp\/v2\/pages\/272\/revisions\/358"}],"wp:featuredmedia":[{"embeddable":true,"href":"https:\/\/ecolimit.ee\/index.php?rest_route=\/wp\/v2\/media\/275"}],"wp:attachment":[{"href":"https:\/\/ecolimit.ee\/index.php?rest_route=%2Fwp%2Fv2%2Fmedia&parent=272"}],"curies":[{"name":"wp","href":"https:\/\/api.w.org\/{rel}","templated":true}]}}